{"id":1232,"date":"2025-10-17T11:17:47","date_gmt":"2025-10-17T14:17:47","guid":{"rendered":"https:\/\/10seminariorueda.unt.edu.ar\/?page_id=1232"},"modified":"2025-10-20T10:40:31","modified_gmt":"2025-10-20T13:40:31","slug":"rosario-2","status":"publish","type":"page","link":"https:\/\/10seminariorueda.unt.edu.ar\/?page_id=1232","title":{"rendered":"Rosario"},"content":{"rendered":"\t\t<div data-elementor-type=\"wp-page\" data-elementor-id=\"1232\" class=\"elementor elementor-1232\" data-elementor-post-type=\"page\">\n\t\t\t\t<div class=\"elementor-element elementor-element-e3f19c2 e-flex e-con-boxed wpr-particle-no wpr-jarallax-no wpr-parallax-no wpr-sticky-section-no wpr-equal-height-no e-con e-parent\" data-id=\"e3f19c2\" data-element_type=\"container\" data-e-type=\"container\">\n\t\t\t\t\t<div class=\"e-con-inner\">\n\t\t\t\t<div class=\"elementor-element elementor-element-2e86138 elementor-widget elementor-widget-heading\" data-id=\"2e86138\" data-element_type=\"widget\" data-e-type=\"widget\" data-widget_type=\"heading.default\">\n\t\t\t\t<div class=\"elementor-widget-container\">\n\t\t\t\t\t<h2 class=\"elementor-heading-title elementor-size-default\">\u00bfDonde se realizar\u00e1 el Seminario?<\/h2>\t\t\t\t<\/div>\n\t\t\t\t<\/div>\n\t\t\t\t<div class=\"elementor-element elementor-element-ffe98fa elementor-widget elementor-widget-text-editor\" data-id=\"ffe98fa\" data-element_type=\"widget\" data-e-type=\"widget\" data-widget_type=\"text-editor.default\">\n\t\t\t\t<div class=\"elementor-widget-container\">\n\t\t\t\t\t\t\t\t\t<h6>Se realizar\u00e1 en:<\/h6><h5>Sede central: la Sede de Gobierno UNR (Rosario, Santa Fe, Argentina), en calle Maip\u00fa 1065.<\/h5><h5>Subsede: Centro Cultural Roberto Fontanarrosa, calle San Mart\u00edn 1080.<\/h5>\t\t\t\t\t\t\t\t<\/div>\n\t\t\t\t<\/div>\n\t\t\t\t\t<\/div>\n\t\t\t\t<\/div>\n\t\t<div class=\"elementor-element elementor-element-ba6a391 e-flex e-con-boxed wpr-particle-no wpr-jarallax-no wpr-parallax-no wpr-sticky-section-no wpr-equal-height-no e-con e-parent\" data-id=\"ba6a391\" data-element_type=\"container\" data-e-type=\"container\">\n\t\t\t\t\t<div class=\"e-con-inner\">\n\t\t\t\t<div class=\"elementor-element elementor-element-8464b9c elementor-widget elementor-widget-html\" data-id=\"8464b9c\" data-element_type=\"widget\" data-e-type=\"widget\" data-widget_type=\"html.default\">\n\t\t\t\t<div class=\"elementor-widget-container\">\n\t\t\t\t\t<iframe src=\"https:\/\/www.google.com\/maps\/d\/embed?mid=18gwS6j7ZOXZg8aUeX7iTkNr9MA6bIbU&ehbc=2E312F\" width=\"640\" height=\"480\"><\/iframe>\t\t\t\t<\/div>\n\t\t\t\t<\/div>\n\t\t\t\t\t<\/div>\n\t\t\t\t<\/div>\n\t\t\t\t<\/div>\n\t\t","protected":false},"excerpt":{"rendered":"<p>\u00bfDonde se realizar\u00e1 el Seminario? Se realizar\u00e1 en: Sede central: la Sede de Gobierno UNR (Rosario, Santa Fe, Argentina), en calle Maip\u00fa 1065. Subsede: Centro Cultural Roberto Fontanarrosa, calle San Mart\u00edn 1080.<\/p>\n","protected":false},"author":2,"featured_media":0,"parent":0,"menu_order":0,"comment_status":"closed","ping_status":"closed","template":"","meta":{"_uag_custom_page_level_css":"","footnotes":""},"class_list":["post-1232","page","type-page","status-publish","hentry"],"yoast_head":"<!-- This site is optimized with the Yoast SEO plugin v27.4 - https:\/\/yoast.com\/product\/yoast-seo-wordpress\/ -->\n<title>Rosario - 10\u00ba Seminario de RUEDA<\/title>\n<meta name=\"robots\" content=\"index, follow, max-snippet:-1, max-image-preview:large, max-video-preview:-1\" \/>\n<link rel=\"canonical\" href=\"https:\/\/10seminariorueda.unt.edu.ar\/?page_id=1232\" \/>\n<meta property=\"og:locale\" content=\"es_ES\" \/>\n<meta property=\"og:type\" content=\"article\" \/>\n<meta property=\"og:title\" content=\"Rosario - 10\u00ba Seminario de RUEDA\" \/>\n<meta property=\"og:description\" content=\"\u00bfDonde se realizar\u00e1 el Seminario? Se realizar\u00e1 en: Sede central: la Sede de Gobierno UNR (Rosario, Santa Fe, Argentina), en calle Maip\u00fa 1065. Subsede: Centro Cultural Roberto Fontanarrosa, calle San Mart\u00edn 1080.\" \/>\n<meta property=\"og:url\" content=\"https:\/\/10seminariorueda.unt.edu.ar\/?page_id=1232\" \/>\n<meta property=\"og:site_name\" content=\"10\u00ba Seminario de RUEDA\" \/>\n<meta property=\"article:modified_time\" content=\"2025-10-20T13:40:31+00:00\" \/>\n<meta name=\"twitter:card\" content=\"summary_large_image\" \/>\n<meta name=\"twitter:label1\" content=\"Tiempo de lectura\" \/>\n\t<meta name=\"twitter:data1\" content=\"1 minuto\" \/>\n<script type=\"application\/ld+json\" class=\"yoast-schema-graph\">{\"@context\":\"https:\\\/\\\/schema.org\",\"@graph\":[{\"@type\":\"WebPage\",\"@id\":\"https:\\\/\\\/10seminariorueda.unt.edu.ar\\\/?page_id=1232\",\"url\":\"https:\\\/\\\/10seminariorueda.unt.edu.ar\\\/?page_id=1232\",\"name\":\"Rosario - 10\u00ba Seminario de RUEDA\",\"isPartOf\":{\"@id\":\"https:\\\/\\\/10seminariorueda.unt.edu.ar\\\/#website\"},\"datePublished\":\"2025-10-17T14:17:47+00:00\",\"dateModified\":\"2025-10-20T13:40:31+00:00\",\"breadcrumb\":{\"@id\":\"https:\\\/\\\/10seminariorueda.unt.edu.ar\\\/?page_id=1232#breadcrumb\"},\"inLanguage\":\"es-AR\",\"potentialAction\":[{\"@type\":\"ReadAction\",\"target\":[\"https:\\\/\\\/10seminariorueda.unt.edu.ar\\\/?page_id=1232\"]}]},{\"@type\":\"BreadcrumbList\",\"@id\":\"https:\\\/\\\/10seminariorueda.unt.edu.ar\\\/?page_id=1232#breadcrumb\",\"itemListElement\":[{\"@type\":\"ListItem\",\"position\":1,\"name\":\"Inicio\",\"item\":\"https:\\\/\\\/10seminariorueda.unt.edu.ar\\\/\"},{\"@type\":\"ListItem\",\"position\":2,\"name\":\"Rosario\"}]},{\"@type\":\"WebSite\",\"@id\":\"https:\\\/\\\/10seminariorueda.unt.edu.ar\\\/#website\",\"url\":\"https:\\\/\\\/10seminariorueda.unt.edu.ar\\\/\",\"name\":\"10\u00ba Seminario de RUEDA\",\"description\":\"\",\"publisher\":{\"@id\":\"https:\\\/\\\/10seminariorueda.unt.edu.ar\\\/#organization\"},\"potentialAction\":[{\"@type\":\"SearchAction\",\"target\":{\"@type\":\"EntryPoint\",\"urlTemplate\":\"https:\\\/\\\/10seminariorueda.unt.edu.ar\\\/?s={search_term_string}\"},\"query-input\":{\"@type\":\"PropertyValueSpecification\",\"valueRequired\":true,\"valueName\":\"search_term_string\"}}],\"inLanguage\":\"es-AR\"},{\"@type\":\"Organization\",\"@id\":\"https:\\\/\\\/10seminariorueda.unt.edu.ar\\\/#organization\",\"name\":\"10\u00ba Seminario de RUEDA\",\"url\":\"https:\\\/\\\/10seminariorueda.unt.edu.ar\\\/\",\"logo\":{\"@type\":\"ImageObject\",\"inLanguage\":\"es-AR\",\"@id\":\"https:\\\/\\\/10seminariorueda.unt.edu.ar\\\/#\\\/schema\\\/logo\\\/image\\\/\",\"url\":\"https:\\\/\\\/10seminariorueda.unt.edu.ar\\\/wp-content\\\/uploads\\\/2025\\\/09\\\/cropped-texto-sin-fondo-1.png\",\"contentUrl\":\"https:\\\/\\\/10seminariorueda.unt.edu.ar\\\/wp-content\\\/uploads\\\/2025\\\/09\\\/cropped-texto-sin-fondo-1.png\",\"width\":497,\"height\":354,\"caption\":\"10\u00ba Seminario de RUEDA\"},\"image\":{\"@id\":\"https:\\\/\\\/10seminariorueda.unt.edu.ar\\\/#\\\/schema\\\/logo\\\/image\\\/\"}}]}<\/script>\n<!-- \/ Yoast SEO plugin. -->","yoast_head_json":{"title":"Rosario - 10\u00ba Seminario de RUEDA","robots":{"index":"index","follow":"follow","max-snippet":"max-snippet:-1","max-image-preview":"max-image-preview:large","max-video-preview":"max-video-preview:-1"},"canonical":"https:\/\/10seminariorueda.unt.edu.ar\/?page_id=1232","og_locale":"es_ES","og_type":"article","og_title":"Rosario - 10\u00ba Seminario de RUEDA","og_description":"\u00bfDonde se realizar\u00e1 el Seminario? Se realizar\u00e1 en: Sede central: la Sede de Gobierno UNR (Rosario, Santa Fe, Argentina), en calle Maip\u00fa 1065. Subsede: Centro Cultural Roberto Fontanarrosa, calle San Mart\u00edn 1080.","og_url":"https:\/\/10seminariorueda.unt.edu.ar\/?page_id=1232","og_site_name":"10\u00ba Seminario de RUEDA","article_modified_time":"2025-10-20T13:40:31+00:00","twitter_card":"summary_large_image","twitter_misc":{"Tiempo de lectura":"1 minuto"},"schema":{"@context":"https:\/\/schema.org","@graph":[{"@type":"WebPage","@id":"https:\/\/10seminariorueda.unt.edu.ar\/?page_id=1232","url":"https:\/\/10seminariorueda.unt.edu.ar\/?page_id=1232","name":"Rosario - 10\u00ba Seminario de RUEDA","isPartOf":{"@id":"https:\/\/10seminariorueda.unt.edu.ar\/#website"},"datePublished":"2025-10-17T14:17:47+00:00","dateModified":"2025-10-20T13:40:31+00:00","breadcrumb":{"@id":"https:\/\/10seminariorueda.unt.edu.ar\/?page_id=1232#breadcrumb"},"inLanguage":"es-AR","potentialAction":[{"@type":"ReadAction","target":["https:\/\/10seminariorueda.unt.edu.ar\/?page_id=1232"]}]},{"@type":"BreadcrumbList","@id":"https:\/\/10seminariorueda.unt.edu.ar\/?page_id=1232#breadcrumb","itemListElement":[{"@type":"ListItem","position":1,"name":"Inicio","item":"https:\/\/10seminariorueda.unt.edu.ar\/"},{"@type":"ListItem","position":2,"name":"Rosario"}]},{"@type":"WebSite","@id":"https:\/\/10seminariorueda.unt.edu.ar\/#website","url":"https:\/\/10seminariorueda.unt.edu.ar\/","name":"10\u00ba Seminario de RUEDA","description":"","publisher":{"@id":"https:\/\/10seminariorueda.unt.edu.ar\/#organization"},"potentialAction":[{"@type":"SearchAction","target":{"@type":"EntryPoint","urlTemplate":"https:\/\/10seminariorueda.unt.edu.ar\/?s={search_term_string}"},"query-input":{"@type":"PropertyValueSpecification","valueRequired":true,"valueName":"search_term_string"}}],"inLanguage":"es-AR"},{"@type":"Organization","@id":"https:\/\/10seminariorueda.unt.edu.ar\/#organization","name":"10\u00ba Seminario de RUEDA","url":"https:\/\/10seminariorueda.unt.edu.ar\/","logo":{"@type":"ImageObject","inLanguage":"es-AR","@id":"https:\/\/10seminariorueda.unt.edu.ar\/#\/schema\/logo\/image\/","url":"https:\/\/10seminariorueda.unt.edu.ar\/wp-content\/uploads\/2025\/09\/cropped-texto-sin-fondo-1.png","contentUrl":"https:\/\/10seminariorueda.unt.edu.ar\/wp-content\/uploads\/2025\/09\/cropped-texto-sin-fondo-1.png","width":497,"height":354,"caption":"10\u00ba Seminario de RUEDA"},"image":{"@id":"https:\/\/10seminariorueda.unt.edu.ar\/#\/schema\/logo\/image\/"}}]}},"uagb_featured_image_src":{"full":false,"thumbnail":false,"medium":false,"medium_large":false,"large":false,"1536x1536":false,"2048x2048":false,"bard-slider-full-thumbnail":false,"bard-full-thumbnail":false,"bard-grid-thumbnail":false,"bard-list-thumbnail":false,"bard-single-navigation":false},"uagb_author_info":{"display_name":"Gisela","author_link":"https:\/\/10seminariorueda.unt.edu.ar\/?author=2"},"uagb_comment_info":0,"uagb_excerpt":"\u00bfDonde se realizar\u00e1 el Seminario? Se realizar\u00e1 en: Sede central: la Sede de Gobierno UNR (Rosario, Santa Fe, Argentina), en calle Maip\u00fa 1065. Subsede: Centro Cultural Roberto Fontanarrosa, calle San Mart\u00edn 1080.","_links":{"self":[{"href":"https:\/\/10seminariorueda.unt.edu.ar\/index.php?rest_route=\/wp\/v2\/pages\/1232","targetHints":{"allow":["GET"]}}],"collection":[{"href":"https:\/\/10seminariorueda.unt.edu.ar\/index.php?rest_route=\/wp\/v2\/pages"}],"about":[{"href":"https:\/\/10seminariorueda.unt.edu.ar\/index.php?rest_route=\/wp\/v2\/types\/page"}],"author":[{"embeddable":true,"href":"https:\/\/10seminariorueda.unt.edu.ar\/index.php?rest_route=\/wp\/v2\/users\/2"}],"replies":[{"embeddable":true,"href":"https:\/\/10seminariorueda.unt.edu.ar\/index.php?rest_route=%2Fwp%2Fv2%2Fcomments&post=1232"}],"version-history":[{"count":19,"href":"https:\/\/10seminariorueda.unt.edu.ar\/index.php?rest_route=\/wp\/v2\/pages\/1232\/revisions"}],"predecessor-version":[{"id":1260,"href":"https:\/\/10seminariorueda.unt.edu.ar\/index.php?rest_route=\/wp\/v2\/pages\/1232\/revisions\/1260"}],"wp:attachment":[{"href":"https:\/\/10seminariorueda.unt.edu.ar\/index.php?rest_route=%2Fwp%2Fv2%2Fmedia&parent=1232"}],"curies":[{"name":"wp","href":"https:\/\/api.w.org\/{rel}","templated":true}]}}