{"id":13,"date":"2025-02-26T12:36:18","date_gmt":"2025-02-26T15:36:18","guid":{"rendered":"https:\/\/10seminariorueda.unt.edu.ar\/?page_id=13"},"modified":"2025-09-16T09:02:19","modified_gmt":"2025-09-16T12:02:19","slug":"contacto","status":"publish","type":"page","link":"https:\/\/10seminariorueda.unt.edu.ar\/?page_id=13","title":{"rendered":"Contacto"},"content":{"rendered":"\t\t<div data-elementor-type=\"wp-page\" data-elementor-id=\"13\" class=\"elementor elementor-13\" data-elementor-post-type=\"page\">\n\t\t\t\t<div class=\"elementor-element elementor-element-5f4b12c e-grid e-con-boxed wpr-particle-no wpr-jarallax-no wpr-parallax-no wpr-sticky-section-no wpr-equal-height-no e-con e-parent\" data-id=\"5f4b12c\" data-element_type=\"container\" data-e-type=\"container\">\n\t\t\t\t\t<div class=\"e-con-inner\">\n\t\t\t\t<div class=\"elementor-element elementor-element-82e0e8e elementor-view-default elementor-widget elementor-widget-icon\" data-id=\"82e0e8e\" data-element_type=\"widget\" data-e-type=\"widget\" data-widget_type=\"icon.default\">\n\t\t\t\t<div class=\"elementor-widget-container\">\n\t\t\t\t\t\t\t<div class=\"elementor-icon-wrapper\">\n\t\t\t<div class=\"elementor-icon\">\n\t\t\t<svg aria-hidden=\"true\" class=\"e-font-icon-svg e-fas-mail-bulk\" viewBox=\"0 0 576 512\" xmlns=\"http:\/\/www.w3.org\/2000\/svg\"><path d=\"M160 448c-25.6 0-51.2-22.4-64-32-64-44.8-83.2-60.8-96-70.4V480c0 17.67 14.33 32 32 32h256c17.67 0 32-14.33 32-32V345.6c-12.8 9.6-32 25.6-96 70.4-12.8 9.6-38.4 32-64 32zm128-192H32c-17.67 0-32 14.33-32 32v16c25.6 19.2 22.4 19.2 115.2 86.4 9.6 6.4 28.8 25.6 44.8 25.6s35.2-19.2 44.8-22.4c92.8-67.2 89.6-67.2 115.2-86.4V288c0-17.67-14.33-32-32-32zm256-96H224c-17.67 0-32 14.33-32 32v32h96c33.21 0 60.59 25.42 63.71 57.82l.29-.22V416h192c17.67 0 32-14.33 32-32V192c0-17.67-14.33-32-32-32zm-32 128h-64v-64h64v64zm-352-96c0-35.29 28.71-64 64-64h224V32c0-17.67-14.33-32-32-32H96C78.33 0 64 14.33 64 32v192h96v-32z\"><\/path><\/svg>\t\t\t<\/div>\n\t\t<\/div>\n\t\t\t\t\t\t<\/div>\n\t\t\t\t<\/div>\n\t\t\t\t<div class=\"elementor-element elementor-element-0f8284b elementor-widget elementor-widget-text-editor\" data-id=\"0f8284b\" data-element_type=\"widget\" data-e-type=\"widget\" data-widget_type=\"text-editor.default\">\n\t\t\t\t<div class=\"elementor-widget-container\">\n\t\t\t\t\t\t\t\t\t<h3><span style=\"font-weight: 400; color: #0084b3;\">Para pago y m\u00e1s informaci\u00f3n invitamos a escribir al correo<\/span><\/h3>\n<p><a href=\"mailto:10seminariorueda@gmail.com\"><span style=\"font-weight: 400;\">10seminariorueda@gmail.com<\/span><\/a><\/p>\n<h4><span style=\"font-weight: 400; color: #0084b3;\">Por inscripci\u00f3n y env\u00edo de trabajos y dudas sobre ponencias:<\/span><\/h4>\n<p><a href=\"mailto:ponenciasxseminariorueda@gmail.com\"><span style=\"font-weight: 400;\">ponenciasxseminariorueda@gmail.com<\/span><\/a><span style=\"font-weight: 400;\">&nbsp; <\/span><\/p>\t\t\t\t\t\t\t\t<\/div>\n\t\t\t\t<\/div>\n\t\t\t\t\t<\/div>\n\t\t\t\t<\/div>\n\t\t\t\t<\/div>\n\t\t","protected":false},"excerpt":{"rendered":"<p>Para pago y m\u00e1s informaci\u00f3n invitamos a escribir al correo 10seminariorueda@gmail.com Por inscripci\u00f3n y env\u00edo de trabajos y dudas sobre ponencias: ponenciasxseminariorueda@gmail.com&nbsp;<\/p>\n","protected":false},"author":2,"featured_media":0,"parent":0,"menu_order":0,"comment_status":"closed","ping_status":"closed","template":"","meta":{"_uag_custom_page_level_css":"","footnotes":""},"class_list":["post-13","page","type-page","status-publish","hentry"],"yoast_head":"<!-- This site is optimized with the Yoast SEO plugin v27.4 - https:\/\/yoast.com\/product\/yoast-seo-wordpress\/ -->\n<title>Contacto - 10\u00ba Seminario de RUEDA<\/title>\n<meta name=\"robots\" content=\"index, follow, max-snippet:-1, max-image-preview:large, max-video-preview:-1\" \/>\n<link rel=\"canonical\" href=\"https:\/\/10seminariorueda.unt.edu.ar\/?page_id=13\" \/>\n<meta property=\"og:locale\" content=\"es_ES\" \/>\n<meta property=\"og:type\" content=\"article\" \/>\n<meta property=\"og:title\" content=\"Contacto - 10\u00ba Seminario de RUEDA\" \/>\n<meta property=\"og:description\" content=\"Para pago y m\u00e1s informaci\u00f3n invitamos a escribir al correo 10seminariorueda@gmail.com Por inscripci\u00f3n y env\u00edo de trabajos y dudas sobre ponencias: ponenciasxseminariorueda@gmail.com&nbsp;\" \/>\n<meta property=\"og:url\" content=\"https:\/\/10seminariorueda.unt.edu.ar\/?page_id=13\" \/>\n<meta property=\"og:site_name\" content=\"10\u00ba Seminario de RUEDA\" \/>\n<meta property=\"article:modified_time\" content=\"2025-09-16T12:02:19+00:00\" \/>\n<meta name=\"twitter:card\" content=\"summary_large_image\" \/>\n<meta name=\"twitter:label1\" content=\"Tiempo de lectura\" \/>\n\t<meta name=\"twitter:data1\" content=\"1 minuto\" \/>\n<script type=\"application\/ld+json\" class=\"yoast-schema-graph\">{\"@context\":\"https:\\\/\\\/schema.org\",\"@graph\":[{\"@type\":\"WebPage\",\"@id\":\"https:\\\/\\\/10seminariorueda.unt.edu.ar\\\/?page_id=13\",\"url\":\"https:\\\/\\\/10seminariorueda.unt.edu.ar\\\/?page_id=13\",\"name\":\"Contacto - 10\u00ba Seminario de RUEDA\",\"isPartOf\":{\"@id\":\"https:\\\/\\\/10seminariorueda.unt.edu.ar\\\/#website\"},\"datePublished\":\"2025-02-26T15:36:18+00:00\",\"dateModified\":\"2025-09-16T12:02:19+00:00\",\"breadcrumb\":{\"@id\":\"https:\\\/\\\/10seminariorueda.unt.edu.ar\\\/?page_id=13#breadcrumb\"},\"inLanguage\":\"es-AR\",\"potentialAction\":[{\"@type\":\"ReadAction\",\"target\":[\"https:\\\/\\\/10seminariorueda.unt.edu.ar\\\/?page_id=13\"]}]},{\"@type\":\"BreadcrumbList\",\"@id\":\"https:\\\/\\\/10seminariorueda.unt.edu.ar\\\/?page_id=13#breadcrumb\",\"itemListElement\":[{\"@type\":\"ListItem\",\"position\":1,\"name\":\"Inicio\",\"item\":\"https:\\\/\\\/10seminariorueda.unt.edu.ar\\\/\"},{\"@type\":\"ListItem\",\"position\":2,\"name\":\"Contacto\"}]},{\"@type\":\"WebSite\",\"@id\":\"https:\\\/\\\/10seminariorueda.unt.edu.ar\\\/#website\",\"url\":\"https:\\\/\\\/10seminariorueda.unt.edu.ar\\\/\",\"name\":\"10\u00ba Seminario de RUEDA\",\"description\":\"\",\"publisher\":{\"@id\":\"https:\\\/\\\/10seminariorueda.unt.edu.ar\\\/#organization\"},\"potentialAction\":[{\"@type\":\"SearchAction\",\"target\":{\"@type\":\"EntryPoint\",\"urlTemplate\":\"https:\\\/\\\/10seminariorueda.unt.edu.ar\\\/?s={search_term_string}\"},\"query-input\":{\"@type\":\"PropertyValueSpecification\",\"valueRequired\":true,\"valueName\":\"search_term_string\"}}],\"inLanguage\":\"es-AR\"},{\"@type\":\"Organization\",\"@id\":\"https:\\\/\\\/10seminariorueda.unt.edu.ar\\\/#organization\",\"name\":\"10\u00ba Seminario de RUEDA\",\"url\":\"https:\\\/\\\/10seminariorueda.unt.edu.ar\\\/\",\"logo\":{\"@type\":\"ImageObject\",\"inLanguage\":\"es-AR\",\"@id\":\"https:\\\/\\\/10seminariorueda.unt.edu.ar\\\/#\\\/schema\\\/logo\\\/image\\\/\",\"url\":\"https:\\\/\\\/10seminariorueda.unt.edu.ar\\\/wp-content\\\/uploads\\\/2025\\\/09\\\/cropped-texto-sin-fondo-1.png\",\"contentUrl\":\"https:\\\/\\\/10seminariorueda.unt.edu.ar\\\/wp-content\\\/uploads\\\/2025\\\/09\\\/cropped-texto-sin-fondo-1.png\",\"width\":497,\"height\":354,\"caption\":\"10\u00ba Seminario de RUEDA\"},\"image\":{\"@id\":\"https:\\\/\\\/10seminariorueda.unt.edu.ar\\\/#\\\/schema\\\/logo\\\/image\\\/\"}}]}<\/script>\n<!-- \/ Yoast SEO plugin. -->","yoast_head_json":{"title":"Contacto - 10\u00ba Seminario de RUEDA","robots":{"index":"index","follow":"follow","max-snippet":"max-snippet:-1","max-image-preview":"max-image-preview:large","max-video-preview":"max-video-preview:-1"},"canonical":"https:\/\/10seminariorueda.unt.edu.ar\/?page_id=13","og_locale":"es_ES","og_type":"article","og_title":"Contacto - 10\u00ba Seminario de RUEDA","og_description":"Para pago y m\u00e1s informaci\u00f3n invitamos a escribir al correo 10seminariorueda@gmail.com Por inscripci\u00f3n y env\u00edo de trabajos y dudas sobre ponencias: ponenciasxseminariorueda@gmail.com&nbsp;","og_url":"https:\/\/10seminariorueda.unt.edu.ar\/?page_id=13","og_site_name":"10\u00ba Seminario de RUEDA","article_modified_time":"2025-09-16T12:02:19+00:00","twitter_card":"summary_large_image","twitter_misc":{"Tiempo de lectura":"1 minuto"},"schema":{"@context":"https:\/\/schema.org","@graph":[{"@type":"WebPage","@id":"https:\/\/10seminariorueda.unt.edu.ar\/?page_id=13","url":"https:\/\/10seminariorueda.unt.edu.ar\/?page_id=13","name":"Contacto - 10\u00ba Seminario de RUEDA","isPartOf":{"@id":"https:\/\/10seminariorueda.unt.edu.ar\/#website"},"datePublished":"2025-02-26T15:36:18+00:00","dateModified":"2025-09-16T12:02:19+00:00","breadcrumb":{"@id":"https:\/\/10seminariorueda.unt.edu.ar\/?page_id=13#breadcrumb"},"inLanguage":"es-AR","potentialAction":[{"@type":"ReadAction","target":["https:\/\/10seminariorueda.unt.edu.ar\/?page_id=13"]}]},{"@type":"BreadcrumbList","@id":"https:\/\/10seminariorueda.unt.edu.ar\/?page_id=13#breadcrumb","itemListElement":[{"@type":"ListItem","position":1,"name":"Inicio","item":"https:\/\/10seminariorueda.unt.edu.ar\/"},{"@type":"ListItem","position":2,"name":"Contacto"}]},{"@type":"WebSite","@id":"https:\/\/10seminariorueda.unt.edu.ar\/#website","url":"https:\/\/10seminariorueda.unt.edu.ar\/","name":"10\u00ba Seminario de RUEDA","description":"","publisher":{"@id":"https:\/\/10seminariorueda.unt.edu.ar\/#organization"},"potentialAction":[{"@type":"SearchAction","target":{"@type":"EntryPoint","urlTemplate":"https:\/\/10seminariorueda.unt.edu.ar\/?s={search_term_string}"},"query-input":{"@type":"PropertyValueSpecification","valueRequired":true,"valueName":"search_term_string"}}],"inLanguage":"es-AR"},{"@type":"Organization","@id":"https:\/\/10seminariorueda.unt.edu.ar\/#organization","name":"10\u00ba Seminario de RUEDA","url":"https:\/\/10seminariorueda.unt.edu.ar\/","logo":{"@type":"ImageObject","inLanguage":"es-AR","@id":"https:\/\/10seminariorueda.unt.edu.ar\/#\/schema\/logo\/image\/","url":"https:\/\/10seminariorueda.unt.edu.ar\/wp-content\/uploads\/2025\/09\/cropped-texto-sin-fondo-1.png","contentUrl":"https:\/\/10seminariorueda.unt.edu.ar\/wp-content\/uploads\/2025\/09\/cropped-texto-sin-fondo-1.png","width":497,"height":354,"caption":"10\u00ba Seminario de RUEDA"},"image":{"@id":"https:\/\/10seminariorueda.unt.edu.ar\/#\/schema\/logo\/image\/"}}]}},"uagb_featured_image_src":{"full":false,"thumbnail":false,"medium":false,"medium_large":false,"large":false,"1536x1536":false,"2048x2048":false,"bard-slider-full-thumbnail":false,"bard-full-thumbnail":false,"bard-grid-thumbnail":false,"bard-list-thumbnail":false,"bard-single-navigation":false},"uagb_author_info":{"display_name":"Gisela","author_link":"https:\/\/10seminariorueda.unt.edu.ar\/?author=2"},"uagb_comment_info":0,"uagb_excerpt":"Para pago y m\u00e1s informaci\u00f3n invitamos a escribir al correo 10seminariorueda@gmail.com Por inscripci\u00f3n y env\u00edo de trabajos y dudas sobre ponencias: ponenciasxseminariorueda@gmail.com&nbsp;","_links":{"self":[{"href":"https:\/\/10seminariorueda.unt.edu.ar\/index.php?rest_route=\/wp\/v2\/pages\/13","targetHints":{"allow":["GET"]}}],"collection":[{"href":"https:\/\/10seminariorueda.unt.edu.ar\/index.php?rest_route=\/wp\/v2\/pages"}],"about":[{"href":"https:\/\/10seminariorueda.unt.edu.ar\/index.php?rest_route=\/wp\/v2\/types\/page"}],"author":[{"embeddable":true,"href":"https:\/\/10seminariorueda.unt.edu.ar\/index.php?rest_route=\/wp\/v2\/users\/2"}],"replies":[{"embeddable":true,"href":"https:\/\/10seminariorueda.unt.edu.ar\/index.php?rest_route=%2Fwp%2Fv2%2Fcomments&post=13"}],"version-history":[{"count":36,"href":"https:\/\/10seminariorueda.unt.edu.ar\/index.php?rest_route=\/wp\/v2\/pages\/13\/revisions"}],"predecessor-version":[{"id":988,"href":"https:\/\/10seminariorueda.unt.edu.ar\/index.php?rest_route=\/wp\/v2\/pages\/13\/revisions\/988"}],"wp:attachment":[{"href":"https:\/\/10seminariorueda.unt.edu.ar\/index.php?rest_route=%2Fwp%2Fv2%2Fmedia&parent=13"}],"curies":[{"name":"wp","href":"https:\/\/api.w.org\/{rel}","templated":true}]}}