{"id":21,"date":"2025-02-26T12:37:38","date_gmt":"2025-02-26T15:37:38","guid":{"rendered":"https:\/\/10seminariorueda.unt.edu.ar\/?page_id=21"},"modified":"2025-09-04T13:47:00","modified_gmt":"2025-09-04T16:47:00","slug":"programa","status":"publish","type":"page","link":"https:\/\/10seminariorueda.unt.edu.ar\/?page_id=21","title":{"rendered":"Fechas Importantes"},"content":{"rendered":"\t\t<div data-elementor-type=\"wp-page\" data-elementor-id=\"21\" class=\"elementor elementor-21\" data-elementor-post-type=\"page\">\n\t\t\t\t<div class=\"elementor-element elementor-element-f22d497 e-flex e-con-boxed wpr-particle-no wpr-jarallax-no wpr-parallax-no wpr-sticky-section-no wpr-equal-height-no e-con e-parent\" data-id=\"f22d497\" data-element_type=\"container\" data-e-type=\"container\">\n\t\t\t\t\t<div class=\"e-con-inner\">\n\t\t<div class=\"elementor-element elementor-element-df2d800 e-con-full e-flex wpr-particle-no wpr-jarallax-no wpr-parallax-no wpr-sticky-section-no wpr-equal-height-no e-con e-child\" data-id=\"df2d800\" data-element_type=\"container\" data-e-type=\"container\">\n\t\t\t\t<div class=\"elementor-element elementor-element-6114006 elementor-widget elementor-widget-image\" data-id=\"6114006\" data-element_type=\"widget\" data-e-type=\"widget\" data-widget_type=\"image.default\">\n\t\t\t\t<div class=\"elementor-widget-container\">\n\t\t\t\t\t\t\t\t\t\t\t\t\t\t\t<img decoding=\"async\" width=\"150\" height=\"150\" src=\"https:\/\/10seminariorueda.unt.edu.ar\/wp-content\/uploads\/2025\/09\/Animation-1744041638700.gif\" class=\"attachment-large size-large wp-image-914\" alt=\"\" srcset=\"https:\/\/10seminariorueda.unt.edu.ar\/wp-content\/uploads\/2025\/09\/Animation-1744041638700.gif 150w, https:\/\/10seminariorueda.unt.edu.ar\/wp-content\/uploads\/2025\/09\/Animation-1744041638700-75x75.gif 75w\" sizes=\"(max-width: 150px) 100vw, 150px\" \/>\t\t\t\t\t\t\t\t\t\t\t\t\t\t\t<\/div>\n\t\t\t\t<\/div>\n\t\t\t\t<\/div>\n\t\t<div class=\"elementor-element elementor-element-6ab5417 e-con-full e-flex wpr-particle-no wpr-jarallax-no wpr-parallax-no wpr-sticky-section-no wpr-equal-height-no e-con e-child\" data-id=\"6ab5417\" data-element_type=\"container\" data-e-type=\"container\">\n\t\t<div class=\"elementor-element elementor-element-a291722 e-con-full e-flex wpr-particle-no wpr-jarallax-no wpr-parallax-no wpr-sticky-section-no wpr-equal-height-no e-con e-child\" data-id=\"a291722\" data-element_type=\"container\" data-e-type=\"container\">\n\t\t\t\t<div class=\"elementor-element elementor-element-53d7ef2 elementor-widget elementor-widget-text-editor\" data-id=\"53d7ef2\" data-element_type=\"widget\" data-e-type=\"widget\" data-widget_type=\"text-editor.default\">\n\t\t\t\t<div class=\"elementor-widget-container\">\n\t\t\t\t\t\t\t\t\t<h3><span style=\"font-weight: 400;\"><span style=\"color: #0084b3;\">Fecha y lugar del seminario<\/span>\u00a0<\/span><\/h3>\n<div><span style=\"font-weight: 400;\">19 y 20 de noviembre <br \/>Maip\u00fa 1065 &#8211; Sede de Gobierno UNR (Rosario, Santa Fe, Argentina)<\/span><\/div>\n<div><span style=\"font-weight: 400;\">\u00a0<\/span><\/div>\t\t\t\t\t\t\t\t<\/div>\n\t\t\t\t<\/div>\n\t\t\t\t<\/div>\n\t\t<div class=\"elementor-element elementor-element-c60ca05 e-con-full e-flex wpr-particle-no wpr-jarallax-no wpr-parallax-no wpr-sticky-section-no wpr-equal-height-no e-con e-child\" data-id=\"c60ca05\" data-element_type=\"container\" data-e-type=\"container\">\n\t\t\t\t<div class=\"elementor-element elementor-element-6989076 elementor-widget elementor-widget-text-editor\" data-id=\"6989076\" data-element_type=\"widget\" data-e-type=\"widget\" data-widget_type=\"text-editor.default\">\n\t\t\t\t<div class=\"elementor-widget-container\">\n\t\t\t\t\t\t\t\t\t<h3><span style=\"font-weight: 400; color: #0084b3;\">Fecha de entrega del resumen extendido y poster<\/span><\/h3><ul><li aria-level=\"1\">Nueva fecha l\u00edmite para presentaci\u00f3n de trabajos <strong>30 de mayo de 2025<\/strong><\/li><\/ul>\t\t\t\t\t\t\t\t<\/div>\n\t\t\t\t<\/div>\n\t\t\t\t<\/div>\n\t\t\t\t<\/div>\n\t\t\t\t\t<\/div>\n\t\t\t\t<\/div>\n\t\t<div class=\"elementor-element elementor-element-7a9513f e-flex e-con-boxed wpr-particle-no wpr-jarallax-no wpr-parallax-no wpr-sticky-section-no wpr-equal-height-no e-con e-parent\" data-id=\"7a9513f\" data-element_type=\"container\" data-e-type=\"container\">\n\t\t\t\t\t<div class=\"e-con-inner\">\n\t\t<div class=\"elementor-element elementor-element-7275e1d e-con-full e-flex wpr-particle-no wpr-jarallax-no wpr-parallax-no wpr-sticky-section-no wpr-equal-height-no e-con e-child\" data-id=\"7275e1d\" data-element_type=\"container\" data-e-type=\"container\">\n\t\t\t\t<div class=\"elementor-element elementor-element-6d7ed78 elementor-widget__width-initial elementor-widget elementor-widget-text-editor\" data-id=\"6d7ed78\" data-element_type=\"widget\" data-e-type=\"widget\" data-widget_type=\"text-editor.default\">\n\t\t\t\t<div class=\"elementor-widget-container\">\n\t\t\t\t\t\t\t\t\t<p>Universidad Nacional de Rosario<br \/><strong>Sede de Gobierno &#8211; Maip\u00fa 1065<\/strong>\u00a0<br \/>\u00a0<\/p>\t\t\t\t\t\t\t\t<\/div>\n\t\t\t\t<\/div>\n\t\t\t\t<div class=\"elementor-element elementor-element-5d08088 elementor-widget__width-initial elementor-widget elementor-widget-text-editor\" data-id=\"5d08088\" data-element_type=\"widget\" data-e-type=\"widget\" data-widget_type=\"text-editor.default\">\n\t\t\t\t<div class=\"elementor-widget-container\">\n\t\t\t\t\t\t\t\t\t<iframe src=\"https:\/\/www.google.com\/maps\/embed?pb=!1m14!1m8!1m3!1d13392.619001160643!2d-60.6344849!3d-32.9469235!3m2!1i1024!2i768!4f13.1!3m3!1m2!1s0x95b7aa53d33871db%3A0xd5295b1d69334d03!2sUniversidad+Nacional+de+Rosario%3A+Sede+de+Gobierno!5e0!3m2!1ses-419!2sar!4v1518111951988\" width=\"100%\" height=\"350\" frameborder=\"0\" style=\"border:0\" allowfullscreen><\/iframe>\t\t\t\t\t\t\t\t<\/div>\n\t\t\t\t<\/div>\n\t\t\t\t<\/div>\n\t\t\t\t\t<\/div>\n\t\t\t\t<\/div>\n\t\t\t\t<\/div>\n\t\t","protected":false},"excerpt":{"rendered":"<p>Fecha y lugar del seminario\u00a0 19 y 20 de noviembre Maip\u00fa 1065 &#8211; Sede de Gobierno UNR (Rosario, Santa Fe, Argentina) \u00a0 Fecha de entrega del resumen extendido y poster Nueva fecha l\u00edmite para presentaci\u00f3n de trabajos 30 de mayo de 2025 Universidad Nacional de RosarioSede de Gobierno &#8211; Maip\u00fa 1065\u00a0\u00a0<\/p>\n","protected":false},"author":2,"featured_media":0,"parent":0,"menu_order":0,"comment_status":"closed","ping_status":"closed","template":"","meta":{"_uag_custom_page_level_css":"","footnotes":""},"class_list":["post-21","page","type-page","status-publish","hentry"],"yoast_head":"<!-- This site is optimized with the Yoast SEO plugin v27.5 - https:\/\/yoast.com\/product\/yoast-seo-wordpress\/ -->\n<title>Fechas Importantes - 10\u00ba Seminario de RUEDA<\/title>\n<meta name=\"robots\" content=\"index, follow, max-snippet:-1, max-image-preview:large, max-video-preview:-1\" \/>\n<link rel=\"canonical\" href=\"https:\/\/10seminariorueda.unt.edu.ar\/?page_id=21\" \/>\n<meta property=\"og:locale\" content=\"es_ES\" \/>\n<meta property=\"og:type\" content=\"article\" \/>\n<meta property=\"og:title\" content=\"Fechas Importantes - 10\u00ba Seminario de RUEDA\" \/>\n<meta property=\"og:description\" content=\"Fecha y lugar del seminario\u00a0 19 y 20 de noviembre Maip\u00fa 1065 &#8211; Sede de Gobierno UNR (Rosario, Santa Fe, Argentina) \u00a0 Fecha de entrega del resumen extendido y poster Nueva fecha l\u00edmite para presentaci\u00f3n de trabajos 30 de mayo de 2025 Universidad Nacional de RosarioSede de Gobierno &#8211; Maip\u00fa 1065\u00a0\u00a0\" \/>\n<meta property=\"og:url\" content=\"https:\/\/10seminariorueda.unt.edu.ar\/?page_id=21\" \/>\n<meta property=\"og:site_name\" content=\"10\u00ba Seminario de RUEDA\" \/>\n<meta property=\"article:modified_time\" content=\"2025-09-04T16:47:00+00:00\" \/>\n<meta property=\"og:image\" content=\"http:\/\/10seminariorueda.unt.edu.ar\/wp-content\/uploads\/2025\/09\/Animation-1744041638700.gif\" \/>\n<meta name=\"twitter:card\" content=\"summary_large_image\" \/>\n<meta name=\"twitter:label1\" content=\"Tiempo de lectura\" \/>\n\t<meta name=\"twitter:data1\" content=\"1 minuto\" \/>\n<script type=\"application\/ld+json\" class=\"yoast-schema-graph\">{\"@context\":\"https:\\\/\\\/schema.org\",\"@graph\":[{\"@type\":\"WebPage\",\"@id\":\"https:\\\/\\\/10seminariorueda.unt.edu.ar\\\/?page_id=21\",\"url\":\"https:\\\/\\\/10seminariorueda.unt.edu.ar\\\/?page_id=21\",\"name\":\"Fechas Importantes - 10\u00ba Seminario de RUEDA\",\"isPartOf\":{\"@id\":\"https:\\\/\\\/10seminariorueda.unt.edu.ar\\\/#website\"},\"primaryImageOfPage\":{\"@id\":\"https:\\\/\\\/10seminariorueda.unt.edu.ar\\\/?page_id=21#primaryimage\"},\"image\":{\"@id\":\"https:\\\/\\\/10seminariorueda.unt.edu.ar\\\/?page_id=21#primaryimage\"},\"thumbnailUrl\":\"http:\\\/\\\/10seminariorueda.unt.edu.ar\\\/wp-content\\\/uploads\\\/2025\\\/09\\\/Animation-1744041638700.gif\",\"datePublished\":\"2025-02-26T15:37:38+00:00\",\"dateModified\":\"2025-09-04T16:47:00+00:00\",\"breadcrumb\":{\"@id\":\"https:\\\/\\\/10seminariorueda.unt.edu.ar\\\/?page_id=21#breadcrumb\"},\"inLanguage\":\"es-AR\",\"potentialAction\":[{\"@type\":\"ReadAction\",\"target\":[\"https:\\\/\\\/10seminariorueda.unt.edu.ar\\\/?page_id=21\"]}]},{\"@type\":\"ImageObject\",\"inLanguage\":\"es-AR\",\"@id\":\"https:\\\/\\\/10seminariorueda.unt.edu.ar\\\/?page_id=21#primaryimage\",\"url\":\"https:\\\/\\\/10seminariorueda.unt.edu.ar\\\/wp-content\\\/uploads\\\/2025\\\/09\\\/Animation-1744041638700.gif\",\"contentUrl\":\"https:\\\/\\\/10seminariorueda.unt.edu.ar\\\/wp-content\\\/uploads\\\/2025\\\/09\\\/Animation-1744041638700.gif\",\"width\":150,\"height\":150},{\"@type\":\"BreadcrumbList\",\"@id\":\"https:\\\/\\\/10seminariorueda.unt.edu.ar\\\/?page_id=21#breadcrumb\",\"itemListElement\":[{\"@type\":\"ListItem\",\"position\":1,\"name\":\"Inicio\",\"item\":\"https:\\\/\\\/10seminariorueda.unt.edu.ar\\\/\"},{\"@type\":\"ListItem\",\"position\":2,\"name\":\"Fechas Importantes\"}]},{\"@type\":\"WebSite\",\"@id\":\"https:\\\/\\\/10seminariorueda.unt.edu.ar\\\/#website\",\"url\":\"https:\\\/\\\/10seminariorueda.unt.edu.ar\\\/\",\"name\":\"10\u00ba Seminario de RUEDA\",\"description\":\"\",\"publisher\":{\"@id\":\"https:\\\/\\\/10seminariorueda.unt.edu.ar\\\/#organization\"},\"potentialAction\":[{\"@type\":\"SearchAction\",\"target\":{\"@type\":\"EntryPoint\",\"urlTemplate\":\"https:\\\/\\\/10seminariorueda.unt.edu.ar\\\/?s={search_term_string}\"},\"query-input\":{\"@type\":\"PropertyValueSpecification\",\"valueRequired\":true,\"valueName\":\"search_term_string\"}}],\"inLanguage\":\"es-AR\"},{\"@type\":\"Organization\",\"@id\":\"https:\\\/\\\/10seminariorueda.unt.edu.ar\\\/#organization\",\"name\":\"10\u00ba Seminario de RUEDA\",\"url\":\"https:\\\/\\\/10seminariorueda.unt.edu.ar\\\/\",\"logo\":{\"@type\":\"ImageObject\",\"inLanguage\":\"es-AR\",\"@id\":\"https:\\\/\\\/10seminariorueda.unt.edu.ar\\\/#\\\/schema\\\/logo\\\/image\\\/\",\"url\":\"https:\\\/\\\/10seminariorueda.unt.edu.ar\\\/wp-content\\\/uploads\\\/2025\\\/09\\\/cropped-texto-sin-fondo-1.png\",\"contentUrl\":\"https:\\\/\\\/10seminariorueda.unt.edu.ar\\\/wp-content\\\/uploads\\\/2025\\\/09\\\/cropped-texto-sin-fondo-1.png\",\"width\":497,\"height\":354,\"caption\":\"10\u00ba Seminario de RUEDA\"},\"image\":{\"@id\":\"https:\\\/\\\/10seminariorueda.unt.edu.ar\\\/#\\\/schema\\\/logo\\\/image\\\/\"}}]}<\/script>\n<!-- \/ Yoast SEO plugin. -->","yoast_head_json":{"title":"Fechas Importantes - 10\u00ba Seminario de RUEDA","robots":{"index":"index","follow":"follow","max-snippet":"max-snippet:-1","max-image-preview":"max-image-preview:large","max-video-preview":"max-video-preview:-1"},"canonical":"https:\/\/10seminariorueda.unt.edu.ar\/?page_id=21","og_locale":"es_ES","og_type":"article","og_title":"Fechas Importantes - 10\u00ba Seminario de RUEDA","og_description":"Fecha y lugar del seminario\u00a0 19 y 20 de noviembre Maip\u00fa 1065 &#8211; Sede de Gobierno UNR (Rosario, Santa Fe, Argentina) \u00a0 Fecha de entrega del resumen extendido y poster Nueva fecha l\u00edmite para presentaci\u00f3n de trabajos 30 de mayo de 2025 Universidad Nacional de RosarioSede de Gobierno &#8211; Maip\u00fa 1065\u00a0\u00a0","og_url":"https:\/\/10seminariorueda.unt.edu.ar\/?page_id=21","og_site_name":"10\u00ba Seminario de RUEDA","article_modified_time":"2025-09-04T16:47:00+00:00","og_image":[{"url":"http:\/\/10seminariorueda.unt.edu.ar\/wp-content\/uploads\/2025\/09\/Animation-1744041638700.gif","type":"","width":"","height":""}],"twitter_card":"summary_large_image","twitter_misc":{"Tiempo de lectura":"1 minuto"},"schema":{"@context":"https:\/\/schema.org","@graph":[{"@type":"WebPage","@id":"https:\/\/10seminariorueda.unt.edu.ar\/?page_id=21","url":"https:\/\/10seminariorueda.unt.edu.ar\/?page_id=21","name":"Fechas Importantes - 10\u00ba Seminario de RUEDA","isPartOf":{"@id":"https:\/\/10seminariorueda.unt.edu.ar\/#website"},"primaryImageOfPage":{"@id":"https:\/\/10seminariorueda.unt.edu.ar\/?page_id=21#primaryimage"},"image":{"@id":"https:\/\/10seminariorueda.unt.edu.ar\/?page_id=21#primaryimage"},"thumbnailUrl":"http:\/\/10seminariorueda.unt.edu.ar\/wp-content\/uploads\/2025\/09\/Animation-1744041638700.gif","datePublished":"2025-02-26T15:37:38+00:00","dateModified":"2025-09-04T16:47:00+00:00","breadcrumb":{"@id":"https:\/\/10seminariorueda.unt.edu.ar\/?page_id=21#breadcrumb"},"inLanguage":"es-AR","potentialAction":[{"@type":"ReadAction","target":["https:\/\/10seminariorueda.unt.edu.ar\/?page_id=21"]}]},{"@type":"ImageObject","inLanguage":"es-AR","@id":"https:\/\/10seminariorueda.unt.edu.ar\/?page_id=21#primaryimage","url":"https:\/\/10seminariorueda.unt.edu.ar\/wp-content\/uploads\/2025\/09\/Animation-1744041638700.gif","contentUrl":"https:\/\/10seminariorueda.unt.edu.ar\/wp-content\/uploads\/2025\/09\/Animation-1744041638700.gif","width":150,"height":150},{"@type":"BreadcrumbList","@id":"https:\/\/10seminariorueda.unt.edu.ar\/?page_id=21#breadcrumb","itemListElement":[{"@type":"ListItem","position":1,"name":"Inicio","item":"https:\/\/10seminariorueda.unt.edu.ar\/"},{"@type":"ListItem","position":2,"name":"Fechas Importantes"}]},{"@type":"WebSite","@id":"https:\/\/10seminariorueda.unt.edu.ar\/#website","url":"https:\/\/10seminariorueda.unt.edu.ar\/","name":"10\u00ba Seminario de RUEDA","description":"","publisher":{"@id":"https:\/\/10seminariorueda.unt.edu.ar\/#organization"},"potentialAction":[{"@type":"SearchAction","target":{"@type":"EntryPoint","urlTemplate":"https:\/\/10seminariorueda.unt.edu.ar\/?s={search_term_string}"},"query-input":{"@type":"PropertyValueSpecification","valueRequired":true,"valueName":"search_term_string"}}],"inLanguage":"es-AR"},{"@type":"Organization","@id":"https:\/\/10seminariorueda.unt.edu.ar\/#organization","name":"10\u00ba Seminario de RUEDA","url":"https:\/\/10seminariorueda.unt.edu.ar\/","logo":{"@type":"ImageObject","inLanguage":"es-AR","@id":"https:\/\/10seminariorueda.unt.edu.ar\/#\/schema\/logo\/image\/","url":"https:\/\/10seminariorueda.unt.edu.ar\/wp-content\/uploads\/2025\/09\/cropped-texto-sin-fondo-1.png","contentUrl":"https:\/\/10seminariorueda.unt.edu.ar\/wp-content\/uploads\/2025\/09\/cropped-texto-sin-fondo-1.png","width":497,"height":354,"caption":"10\u00ba Seminario de RUEDA"},"image":{"@id":"https:\/\/10seminariorueda.unt.edu.ar\/#\/schema\/logo\/image\/"}}]}},"uagb_featured_image_src":{"full":false,"thumbnail":false,"medium":false,"medium_large":false,"large":false,"1536x1536":false,"2048x2048":false,"bard-slider-full-thumbnail":false,"bard-full-thumbnail":false,"bard-grid-thumbnail":false,"bard-list-thumbnail":false,"bard-single-navigation":false},"uagb_author_info":{"display_name":"Gisela","author_link":"https:\/\/10seminariorueda.unt.edu.ar\/?author=2"},"uagb_comment_info":0,"uagb_excerpt":"Fecha y lugar del seminario\u00a0 19 y 20 de noviembre Maip\u00fa 1065 &#8211; Sede de Gobierno UNR (Rosario, Santa Fe, Argentina) \u00a0 Fecha de entrega del resumen extendido y poster Nueva fecha l\u00edmite para presentaci\u00f3n de trabajos 30 de mayo de 2025 Universidad Nacional de RosarioSede de Gobierno &#8211; Maip\u00fa 1065\u00a0\u00a0","_links":{"self":[{"href":"https:\/\/10seminariorueda.unt.edu.ar\/index.php?rest_route=\/wp\/v2\/pages\/21","targetHints":{"allow":["GET"]}}],"collection":[{"href":"https:\/\/10seminariorueda.unt.edu.ar\/index.php?rest_route=\/wp\/v2\/pages"}],"about":[{"href":"https:\/\/10seminariorueda.unt.edu.ar\/index.php?rest_route=\/wp\/v2\/types\/page"}],"author":[{"embeddable":true,"href":"https:\/\/10seminariorueda.unt.edu.ar\/index.php?rest_route=\/wp\/v2\/users\/2"}],"replies":[{"embeddable":true,"href":"https:\/\/10seminariorueda.unt.edu.ar\/index.php?rest_route=%2Fwp%2Fv2%2Fcomments&post=21"}],"version-history":[{"count":38,"href":"https:\/\/10seminariorueda.unt.edu.ar\/index.php?rest_route=\/wp\/v2\/pages\/21\/revisions"}],"predecessor-version":[{"id":917,"href":"https:\/\/10seminariorueda.unt.edu.ar\/index.php?rest_route=\/wp\/v2\/pages\/21\/revisions\/917"}],"wp:attachment":[{"href":"https:\/\/10seminariorueda.unt.edu.ar\/index.php?rest_route=%2Fwp%2Fv2%2Fmedia&parent=21"}],"curies":[{"name":"wp","href":"https:\/\/api.w.org\/{rel}","templated":true}]}}